{"id":55,"date":"2017-02-03T12:12:20","date_gmt":"2017-02-03T12:12:20","guid":{"rendered":"http:\/\/www.biogalenica.pt\/?page_id=55"},"modified":"2024-05-21T11:28:30","modified_gmt":"2024-05-21T11:28:30","slug":"contactos","status":"publish","type":"page","link":"https:\/\/www.biogalenica.pt\/?page_id=55","title":{"rendered":"Onde estamos"},"content":{"rendered":"<div id=\"wpgmza_map\" class=\"wpgmza_map\" data-settings='{\"id\":\"1\",\"map_title\":\"My first map\",\"map_width\":\"100\",\"map_height\":\"400\",\"map_start_lat\":\"38.757511\",\"map_start_lng\":\"-9.373570\",\"map_start_location\":\"38.75751083633493,-9.373569865446365\",\"map_start_zoom\":\"15\",\"default_marker\":\"0\",\"type\":\"1\",\"alignment\":\"1\",\"directions_enabled\":\"1\",\"styling_enabled\":\"0\",\"styling_json\":\"\",\"active\":\"0\",\"kml\":\"\",\"bicycle\":\"0\",\"traffic\":\"0\",\"dbox\":\"1\",\"dbox_width\":\"100\",\"listmarkers\":\"0\",\"listmarkers_advanced\":\"0\",\"filterbycat\":\"0\",\"ugm_enabled\":\"0\",\"ugm_category_enabled\":\"0\",\"fusion\":\"\",\"map_width_type\":\"\\\\%\",\"map_height_type\":\"px\",\"mass_marker_support\":\"1\",\"ugm_access\":\"0\",\"order_markers_by\":\"1\",\"order_markers_choice\":\"2\",\"show_user_location\":\"0\",\"default_to\":\"\",\"other_settings\":{\"store_locator_enabled\":2,\"store_locator_distance\":2,\"store_locator_bounce\":1,\"store_locator_query_string\":\"CEP \\\/ Endere\\u00e7o:\",\"store_locator_default_address\":\"\",\"wpgmza_store_locator_restrict\":\"\",\"map_max_zoom\":\"1\",\"transport_layer\":0,\"wpgmza_theme_data\":\"\"}}' data-map-id='1' Data-maps-engine='' data-shortcode-attributes='{\"id\":\"1\"}' style=\"display:block; overflow:auto; width:100%; height:400px; float:left;\"><\/div>\n<h3>Morada:<\/h3>\n<p>Estrada de Albarraque Armaz\u00e9m E 12<br \/>\nCentro Empresarial Linh\u00f3 2710-297 Sintra<\/p>\n<p>Tel. 219 100 360 (Chamada para a rede fixa nacional)<\/p>\n<h3>Formul\u00e1rio de contacto<\/h3>\n<p>Deixe-nos a sua mensagem, prometemos ser breves na resposta!<\/p>\n\n<div class=\"wpcf7 no-js\" id=\"wpcf7-f86-o1\" lang=\"pt-PT\" dir=\"ltr\">\n<div class=\"screen-reader-response\"><p role=\"status\" aria-live=\"polite\" aria-atomic=\"true\"><\/p> <ul><\/ul><\/div>\n<form action=\"\/index.php?rest_route=%2Fwp%2Fv2%2Fpages%2F55#wpcf7-f86-o1\" method=\"post\" class=\"wpcf7-form init\" aria-label=\"Contact form\" novalidate=\"novalidate\" data-status=\"init\">\n<div style=\"display: none;\">\n<input type=\"hidden\" name=\"_wpcf7\" value=\"86\" \/>\n<input type=\"hidden\" name=\"_wpcf7_version\" value=\"5.7.4\" \/>\n<input type=\"hidden\" name=\"_wpcf7_locale\" value=\"pt_PT\" \/>\n<input type=\"hidden\" name=\"_wpcf7_unit_tag\" value=\"wpcf7-f86-o1\" \/>\n<input type=\"hidden\" name=\"_wpcf7_container_post\" value=\"0\" \/>\n<input type=\"hidden\" name=\"_wpcf7_posted_data_hash\" value=\"\" \/>\n<\/div>\n<p><label> O seu nome (obrigat\u00f3rio)<br \/>\n<span class=\"wpcf7-form-control-wrap\" data-name=\"your-name\"><input size=\"40\" class=\"wpcf7-form-control wpcf7-text wpcf7-validates-as-required\" aria-required=\"true\" aria-invalid=\"false\" value=\"\" type=\"text\" name=\"your-name\" \/><\/span> <\/label>\n<\/p>\n<p><label> O seu email (obrigat\u00f3rio)<br \/>\n<span class=\"wpcf7-form-control-wrap\" data-name=\"your-email\"><input size=\"40\" class=\"wpcf7-form-control wpcf7-text wpcf7-email wpcf7-validates-as-required wpcf7-validates-as-email\" aria-required=\"true\" aria-invalid=\"false\" value=\"\" type=\"email\" name=\"your-email\" \/><\/span> <\/label>\n<\/p>\n<p><label> Assunto<br \/>\n<span class=\"wpcf7-form-control-wrap\" data-name=\"your-subject\"><input size=\"40\" class=\"wpcf7-form-control wpcf7-text\" aria-invalid=\"false\" value=\"\" type=\"text\" name=\"your-subject\" \/><\/span> <\/label>\n<\/p>\n<p><label> A sua mensagem<br \/>\n<span class=\"wpcf7-form-control-wrap\" data-name=\"your-message\"><textarea cols=\"40\" rows=\"10\" class=\"wpcf7-form-control wpcf7-textarea\" aria-invalid=\"false\" name=\"your-message\"><\/textarea><\/span> <\/label>\n<\/p>\n<p><input class=\"wpcf7-form-control has-spinner wpcf7-submit\" type=\"submit\" value=\"Enviar\" \/>\n<\/p><div class=\"wpcf7-response-output\" aria-hidden=\"true\"><\/div>\n<\/form>\n<\/div>\n\n","protected":false},"excerpt":{"rendered":"<p>Morada: Estrada de Albarraque Armaz\u00e9m E 12 Centro Empresarial Linh\u00f3 2710-297 Sintra Tel. 219 100 360 (Chamada para a rede fixa nacional) Formul\u00e1rio de contacto Deixe-nos a sua mensagem, prometemos ser breves na resposta!<\/p>\n","protected":false},"author":1,"featured_media":212,"parent":0,"menu_order":0,"comment_status":"closed","ping_status":"closed","template":"","meta":{"footnotes":""},"yoast_head":"<!-- This site is optimized with the Yoast SEO plugin v20.1 - https:\/\/yoast.com\/wordpress\/plugins\/seo\/ -->\n<title>Onde estamos - BioG\u00e1lenica<\/title>\n<meta name=\"robots\" content=\"index, follow, max-snippet:-1, max-image-preview:large, max-video-preview:-1\" \/>\n<link rel=\"canonical\" href=\"https:\/\/www.biogalenica.pt\/?page_id=55\" \/>\n<meta property=\"og:locale\" content=\"pt_PT\" \/>\n<meta property=\"og:type\" content=\"article\" \/>\n<meta property=\"og:title\" content=\"Onde estamos - BioG\u00e1lenica\" \/>\n<meta property=\"og:description\" content=\"Morada: Estrada de Albarraque Armaz\u00e9m E 12 Centro Empresarial Linh\u00f3 2710-297 Sintra Tel. 219 100 360 (Chamada para a rede fixa nacional) Formul\u00e1rio de contacto Deixe-nos a sua mensagem, prometemos ser breves na resposta!\" \/>\n<meta property=\"og:url\" content=\"https:\/\/www.biogalenica.pt\/?page_id=55\" \/>\n<meta property=\"og:site_name\" content=\"BioG\u00e1lenica\" \/>\n<meta property=\"article:modified_time\" content=\"2024-05-21T11:28:30+00:00\" \/>\n<meta property=\"og:image\" content=\"https:\/\/www.biogalenica.pt\/wp-content\/uploads\/2024\/05\/ONDE_ESTAMOS.jpg\" \/>\n\t<meta property=\"og:image:width\" content=\"1420\" \/>\n\t<meta property=\"og:image:height\" content=\"400\" \/>\n\t<meta property=\"og:image:type\" content=\"image\/jpeg\" \/>\n<meta name=\"twitter:card\" content=\"summary_large_image\" \/>\n<meta name=\"twitter:label1\" content=\"Tempo estimado de leitura\" \/>\n\t<meta name=\"twitter:data1\" content=\"1 minuto\" \/>\n<script type=\"application\/ld+json\" class=\"yoast-schema-graph\">{\"@context\":\"https:\/\/schema.org\",\"@graph\":[{\"@type\":\"WebPage\",\"@id\":\"https:\/\/www.biogalenica.pt\/?page_id=55\",\"url\":\"https:\/\/www.biogalenica.pt\/?page_id=55\",\"name\":\"Onde estamos - BioG\u00e1lenica\",\"isPartOf\":{\"@id\":\"https:\/\/www.biogalenica.pt\/#website\"},\"datePublished\":\"2017-02-03T12:12:20+00:00\",\"dateModified\":\"2024-05-21T11:28:30+00:00\",\"breadcrumb\":{\"@id\":\"https:\/\/www.biogalenica.pt\/?page_id=55#breadcrumb\"},\"inLanguage\":\"pt-PT\",\"potentialAction\":[{\"@type\":\"ReadAction\",\"target\":[\"https:\/\/www.biogalenica.pt\/?page_id=55\"]}]},{\"@type\":\"BreadcrumbList\",\"@id\":\"https:\/\/www.biogalenica.pt\/?page_id=55#breadcrumb\",\"itemListElement\":[{\"@type\":\"ListItem\",\"position\":1,\"name\":\"In\u00edcio\",\"item\":\"https:\/\/www.biogalenica.pt\/\"},{\"@type\":\"ListItem\",\"position\":2,\"name\":\"Onde estamos\"}]},{\"@type\":\"WebSite\",\"@id\":\"https:\/\/www.biogalenica.pt\/#website\",\"url\":\"https:\/\/www.biogalenica.pt\/\",\"name\":\"BioG\u00e1lenica\",\"description\":\"\",\"publisher\":{\"@id\":\"https:\/\/www.biogalenica.pt\/#organization\"},\"potentialAction\":[{\"@type\":\"SearchAction\",\"target\":{\"@type\":\"EntryPoint\",\"urlTemplate\":\"https:\/\/www.biogalenica.pt\/?s={search_term_string}\"},\"query-input\":\"required name=search_term_string\"}],\"inLanguage\":\"pt-PT\"},{\"@type\":\"Organization\",\"@id\":\"https:\/\/www.biogalenica.pt\/#organization\",\"name\":\"Biogal\u00e9nica\",\"url\":\"https:\/\/www.biogalenica.pt\/\",\"logo\":{\"@type\":\"ImageObject\",\"inLanguage\":\"pt-PT\",\"@id\":\"https:\/\/www.biogalenica.pt\/#\/schema\/logo\/image\/\",\"url\":\"https:\/\/www.biogalenica.pt\/wp-content\/uploads\/2017\/04\/cropped-logo-big.png\",\"contentUrl\":\"https:\/\/www.biogalenica.pt\/wp-content\/uploads\/2017\/04\/cropped-logo-big.png\",\"width\":160,\"height\":55,\"caption\":\"Biogal\u00e9nica\"},\"image\":{\"@id\":\"https:\/\/www.biogalenica.pt\/#\/schema\/logo\/image\/\"}}]}<\/script>\n<!-- \/ Yoast SEO plugin. -->","yoast_head_json":{"title":"Onde estamos - BioG\u00e1lenica","robots":{"index":"index","follow":"follow","max-snippet":"max-snippet:-1","max-image-preview":"max-image-preview:large","max-video-preview":"max-video-preview:-1"},"canonical":"https:\/\/www.biogalenica.pt\/?page_id=55","og_locale":"pt_PT","og_type":"article","og_title":"Onde estamos - BioG\u00e1lenica","og_description":"Morada: Estrada de Albarraque Armaz\u00e9m E 12 Centro Empresarial Linh\u00f3 2710-297 Sintra Tel. 219 100 360 (Chamada para a rede fixa nacional) Formul\u00e1rio de contacto Deixe-nos a sua mensagem, prometemos ser breves na resposta!","og_url":"https:\/\/www.biogalenica.pt\/?page_id=55","og_site_name":"BioG\u00e1lenica","article_modified_time":"2024-05-21T11:28:30+00:00","og_image":[{"width":1420,"height":400,"url":"https:\/\/www.biogalenica.pt\/wp-content\/uploads\/2024\/05\/ONDE_ESTAMOS.jpg","type":"image\/jpeg"}],"twitter_card":"summary_large_image","twitter_misc":{"Tempo estimado de leitura":"1 minuto"},"schema":{"@context":"https:\/\/schema.org","@graph":[{"@type":"WebPage","@id":"https:\/\/www.biogalenica.pt\/?page_id=55","url":"https:\/\/www.biogalenica.pt\/?page_id=55","name":"Onde estamos - BioG\u00e1lenica","isPartOf":{"@id":"https:\/\/www.biogalenica.pt\/#website"},"datePublished":"2017-02-03T12:12:20+00:00","dateModified":"2024-05-21T11:28:30+00:00","breadcrumb":{"@id":"https:\/\/www.biogalenica.pt\/?page_id=55#breadcrumb"},"inLanguage":"pt-PT","potentialAction":[{"@type":"ReadAction","target":["https:\/\/www.biogalenica.pt\/?page_id=55"]}]},{"@type":"BreadcrumbList","@id":"https:\/\/www.biogalenica.pt\/?page_id=55#breadcrumb","itemListElement":[{"@type":"ListItem","position":1,"name":"In\u00edcio","item":"https:\/\/www.biogalenica.pt\/"},{"@type":"ListItem","position":2,"name":"Onde estamos"}]},{"@type":"WebSite","@id":"https:\/\/www.biogalenica.pt\/#website","url":"https:\/\/www.biogalenica.pt\/","name":"BioG\u00e1lenica","description":"","publisher":{"@id":"https:\/\/www.biogalenica.pt\/#organization"},"potentialAction":[{"@type":"SearchAction","target":{"@type":"EntryPoint","urlTemplate":"https:\/\/www.biogalenica.pt\/?s={search_term_string}"},"query-input":"required name=search_term_string"}],"inLanguage":"pt-PT"},{"@type":"Organization","@id":"https:\/\/www.biogalenica.pt\/#organization","name":"Biogal\u00e9nica","url":"https:\/\/www.biogalenica.pt\/","logo":{"@type":"ImageObject","inLanguage":"pt-PT","@id":"https:\/\/www.biogalenica.pt\/#\/schema\/logo\/image\/","url":"https:\/\/www.biogalenica.pt\/wp-content\/uploads\/2017\/04\/cropped-logo-big.png","contentUrl":"https:\/\/www.biogalenica.pt\/wp-content\/uploads\/2017\/04\/cropped-logo-big.png","width":160,"height":55,"caption":"Biogal\u00e9nica"},"image":{"@id":"https:\/\/www.biogalenica.pt\/#\/schema\/logo\/image\/"}}]}},"_links":{"self":[{"href":"https:\/\/www.biogalenica.pt\/index.php?rest_route=\/wp\/v2\/pages\/55"}],"collection":[{"href":"https:\/\/www.biogalenica.pt\/index.php?rest_route=\/wp\/v2\/pages"}],"about":[{"href":"https:\/\/www.biogalenica.pt\/index.php?rest_route=\/wp\/v2\/types\/page"}],"author":[{"embeddable":true,"href":"https:\/\/www.biogalenica.pt\/index.php?rest_route=\/wp\/v2\/users\/1"}],"replies":[{"embeddable":true,"href":"https:\/\/www.biogalenica.pt\/index.php?rest_route=%2Fwp%2Fv2%2Fcomments&post=55"}],"version-history":[{"count":11,"href":"https:\/\/www.biogalenica.pt\/index.php?rest_route=\/wp\/v2\/pages\/55\/revisions"}],"predecessor-version":[{"id":201,"href":"https:\/\/www.biogalenica.pt\/index.php?rest_route=\/wp\/v2\/pages\/55\/revisions\/201"}],"wp:featuredmedia":[{"embeddable":true,"href":"https:\/\/www.biogalenica.pt\/index.php?rest_route=\/wp\/v2\/media\/212"}],"wp:attachment":[{"href":"https:\/\/www.biogalenica.pt\/index.php?rest_route=%2Fwp%2Fv2%2Fmedia&parent=55"}],"curies":[{"name":"wp","href":"https:\/\/api.w.org\/{rel}","templated":true}]}}