{"id":53,"date":"2017-02-03T12:12:12","date_gmt":"2017-02-03T12:12:12","guid":{"rendered":"http:\/\/www.biogalenica.pt\/?page_id=53"},"modified":"2017-03-03T18:50:13","modified_gmt":"2017-03-03T18:50:13","slug":"pedir-orcamento","status":"publish","type":"page","link":"https:\/\/www.biogalenica.pt\/?page_id=53","title":{"rendered":"Pedir or\u00e7amento"},"content":{"rendered":"<p>A melhor forma de ficar a conhecer os nossos pre\u00e7os e condi\u00e7\u00f5es \u00e9 pedir um or\u00e7amento gratuito. Para tal, preencha o formul\u00e1rio abaixo, por favor. Ir\u00e1 receber uma proposta num curto espa\u00e7o de tempo, gratuita e sem compromisso da sua parte.<\/p>\n\n<div class=\"wpcf7 no-js\" id=\"wpcf7-f86-o1\" lang=\"pt-PT\" dir=\"ltr\">\n<div class=\"screen-reader-response\"><p role=\"status\" aria-live=\"polite\" aria-atomic=\"true\"><\/p> <ul><\/ul><\/div>\n<form action=\"\/index.php?rest_route=%2Fwp%2Fv2%2Fpages%2F53#wpcf7-f86-o1\" method=\"post\" class=\"wpcf7-form init\" aria-label=\"Contact form\" novalidate=\"novalidate\" data-status=\"init\">\n<div style=\"display: none;\">\n<input type=\"hidden\" name=\"_wpcf7\" value=\"86\" \/>\n<input type=\"hidden\" name=\"_wpcf7_version\" value=\"5.7.4\" \/>\n<input type=\"hidden\" name=\"_wpcf7_locale\" value=\"pt_PT\" \/>\n<input type=\"hidden\" name=\"_wpcf7_unit_tag\" value=\"wpcf7-f86-o1\" \/>\n<input type=\"hidden\" name=\"_wpcf7_container_post\" value=\"0\" \/>\n<input type=\"hidden\" name=\"_wpcf7_posted_data_hash\" value=\"\" \/>\n<\/div>\n<p><label> O seu nome (obrigat\u00f3rio)<br \/>\n<span class=\"wpcf7-form-control-wrap\" data-name=\"your-name\"><input size=\"40\" class=\"wpcf7-form-control wpcf7-text wpcf7-validates-as-required\" aria-required=\"true\" aria-invalid=\"false\" value=\"\" type=\"text\" name=\"your-name\" \/><\/span> <\/label>\n<\/p>\n<p><label> O seu email (obrigat\u00f3rio)<br \/>\n<span class=\"wpcf7-form-control-wrap\" data-name=\"your-email\"><input size=\"40\" class=\"wpcf7-form-control wpcf7-text wpcf7-email wpcf7-validates-as-required wpcf7-validates-as-email\" aria-required=\"true\" aria-invalid=\"false\" value=\"\" type=\"email\" name=\"your-email\" \/><\/span> <\/label>\n<\/p>\n<p><label> Assunto<br \/>\n<span class=\"wpcf7-form-control-wrap\" data-name=\"your-subject\"><input size=\"40\" class=\"wpcf7-form-control wpcf7-text\" aria-invalid=\"false\" value=\"\" type=\"text\" name=\"your-subject\" \/><\/span> <\/label>\n<\/p>\n<p><label> A sua mensagem<br \/>\n<span class=\"wpcf7-form-control-wrap\" data-name=\"your-message\"><textarea cols=\"40\" rows=\"10\" class=\"wpcf7-form-control wpcf7-textarea\" aria-invalid=\"false\" name=\"your-message\"><\/textarea><\/span> <\/label>\n<\/p>\n<p><input class=\"wpcf7-form-control has-spinner wpcf7-submit\" type=\"submit\" value=\"Enviar\" \/>\n<\/p><div class=\"wpcf7-response-output\" aria-hidden=\"true\"><\/div>\n<\/form>\n<\/div>\n\n","protected":false},"excerpt":{"rendered":"<p>A melhor forma de ficar a conhecer os nossos pre\u00e7os e condi\u00e7\u00f5es \u00e9 pedir um or\u00e7amento gratuito. Para tal, preencha o formul\u00e1rio abaixo, por favor. Ir\u00e1 receber uma proposta num curto espa\u00e7o de tempo, gratuita e sem compromisso da sua parte.<\/p>\n","protected":false},"author":1,"featured_media":84,"parent":0,"menu_order":0,"comment_status":"closed","ping_status":"closed","template":"","meta":{"footnotes":""},"yoast_head":"<!-- This site is optimized with the Yoast SEO plugin v20.1 - https:\/\/yoast.com\/wordpress\/plugins\/seo\/ -->\n<title>Pedir or\u00e7amento - BioG\u00e1lenica<\/title>\n<meta name=\"robots\" content=\"index, follow, max-snippet:-1, max-image-preview:large, max-video-preview:-1\" \/>\n<link rel=\"canonical\" href=\"https:\/\/www.biogalenica.pt\/?page_id=53\" \/>\n<meta property=\"og:locale\" content=\"pt_PT\" \/>\n<meta property=\"og:type\" content=\"article\" \/>\n<meta property=\"og:title\" content=\"Pedir or\u00e7amento - BioG\u00e1lenica\" \/>\n<meta property=\"og:description\" content=\"A melhor forma de ficar a conhecer os nossos pre\u00e7os e condi\u00e7\u00f5es \u00e9 pedir um or\u00e7amento gratuito. Para tal, preencha o formul\u00e1rio abaixo, por favor. Ir\u00e1 receber uma proposta num curto espa\u00e7o de tempo, gratuita e sem compromisso da sua parte.\" \/>\n<meta property=\"og:url\" content=\"https:\/\/www.biogalenica.pt\/?page_id=53\" \/>\n<meta property=\"og:site_name\" content=\"BioG\u00e1lenica\" \/>\n<meta property=\"article:modified_time\" content=\"2017-03-03T18:50:13+00:00\" \/>\n<meta property=\"og:image\" content=\"https:\/\/www.biogalenica.pt\/wp-content\/uploads\/2017\/02\/3-1.png\" \/>\n\t<meta property=\"og:image:width\" content=\"1420\" \/>\n\t<meta property=\"og:image:height\" content=\"400\" \/>\n\t<meta property=\"og:image:type\" content=\"image\/png\" \/>\n<meta name=\"twitter:card\" content=\"summary_large_image\" \/>\n<script type=\"application\/ld+json\" class=\"yoast-schema-graph\">{\"@context\":\"https:\/\/schema.org\",\"@graph\":[{\"@type\":\"WebPage\",\"@id\":\"https:\/\/www.biogalenica.pt\/?page_id=53\",\"url\":\"https:\/\/www.biogalenica.pt\/?page_id=53\",\"name\":\"Pedir or\u00e7amento - BioG\u00e1lenica\",\"isPartOf\":{\"@id\":\"https:\/\/www.biogalenica.pt\/#website\"},\"datePublished\":\"2017-02-03T12:12:12+00:00\",\"dateModified\":\"2017-03-03T18:50:13+00:00\",\"breadcrumb\":{\"@id\":\"https:\/\/www.biogalenica.pt\/?page_id=53#breadcrumb\"},\"inLanguage\":\"pt-PT\",\"potentialAction\":[{\"@type\":\"ReadAction\",\"target\":[\"https:\/\/www.biogalenica.pt\/?page_id=53\"]}]},{\"@type\":\"BreadcrumbList\",\"@id\":\"https:\/\/www.biogalenica.pt\/?page_id=53#breadcrumb\",\"itemListElement\":[{\"@type\":\"ListItem\",\"position\":1,\"name\":\"In\u00edcio\",\"item\":\"https:\/\/www.biogalenica.pt\/\"},{\"@type\":\"ListItem\",\"position\":2,\"name\":\"Pedir or\u00e7amento\"}]},{\"@type\":\"WebSite\",\"@id\":\"https:\/\/www.biogalenica.pt\/#website\",\"url\":\"https:\/\/www.biogalenica.pt\/\",\"name\":\"BioG\u00e1lenica\",\"description\":\"\",\"publisher\":{\"@id\":\"https:\/\/www.biogalenica.pt\/#organization\"},\"potentialAction\":[{\"@type\":\"SearchAction\",\"target\":{\"@type\":\"EntryPoint\",\"urlTemplate\":\"https:\/\/www.biogalenica.pt\/?s={search_term_string}\"},\"query-input\":\"required name=search_term_string\"}],\"inLanguage\":\"pt-PT\"},{\"@type\":\"Organization\",\"@id\":\"https:\/\/www.biogalenica.pt\/#organization\",\"name\":\"Biogal\u00e9nica\",\"url\":\"https:\/\/www.biogalenica.pt\/\",\"logo\":{\"@type\":\"ImageObject\",\"inLanguage\":\"pt-PT\",\"@id\":\"https:\/\/www.biogalenica.pt\/#\/schema\/logo\/image\/\",\"url\":\"https:\/\/www.biogalenica.pt\/wp-content\/uploads\/2017\/04\/cropped-logo-big.png\",\"contentUrl\":\"https:\/\/www.biogalenica.pt\/wp-content\/uploads\/2017\/04\/cropped-logo-big.png\",\"width\":160,\"height\":55,\"caption\":\"Biogal\u00e9nica\"},\"image\":{\"@id\":\"https:\/\/www.biogalenica.pt\/#\/schema\/logo\/image\/\"}}]}<\/script>\n<!-- \/ Yoast SEO plugin. -->","yoast_head_json":{"title":"Pedir or\u00e7amento - BioG\u00e1lenica","robots":{"index":"index","follow":"follow","max-snippet":"max-snippet:-1","max-image-preview":"max-image-preview:large","max-video-preview":"max-video-preview:-1"},"canonical":"https:\/\/www.biogalenica.pt\/?page_id=53","og_locale":"pt_PT","og_type":"article","og_title":"Pedir or\u00e7amento - BioG\u00e1lenica","og_description":"A melhor forma de ficar a conhecer os nossos pre\u00e7os e condi\u00e7\u00f5es \u00e9 pedir um or\u00e7amento gratuito. Para tal, preencha o formul\u00e1rio abaixo, por favor. Ir\u00e1 receber uma proposta num curto espa\u00e7o de tempo, gratuita e sem compromisso da sua parte.","og_url":"https:\/\/www.biogalenica.pt\/?page_id=53","og_site_name":"BioG\u00e1lenica","article_modified_time":"2017-03-03T18:50:13+00:00","og_image":[{"width":1420,"height":400,"url":"https:\/\/www.biogalenica.pt\/wp-content\/uploads\/2017\/02\/3-1.png","type":"image\/png"}],"twitter_card":"summary_large_image","schema":{"@context":"https:\/\/schema.org","@graph":[{"@type":"WebPage","@id":"https:\/\/www.biogalenica.pt\/?page_id=53","url":"https:\/\/www.biogalenica.pt\/?page_id=53","name":"Pedir or\u00e7amento - BioG\u00e1lenica","isPartOf":{"@id":"https:\/\/www.biogalenica.pt\/#website"},"datePublished":"2017-02-03T12:12:12+00:00","dateModified":"2017-03-03T18:50:13+00:00","breadcrumb":{"@id":"https:\/\/www.biogalenica.pt\/?page_id=53#breadcrumb"},"inLanguage":"pt-PT","potentialAction":[{"@type":"ReadAction","target":["https:\/\/www.biogalenica.pt\/?page_id=53"]}]},{"@type":"BreadcrumbList","@id":"https:\/\/www.biogalenica.pt\/?page_id=53#breadcrumb","itemListElement":[{"@type":"ListItem","position":1,"name":"In\u00edcio","item":"https:\/\/www.biogalenica.pt\/"},{"@type":"ListItem","position":2,"name":"Pedir or\u00e7amento"}]},{"@type":"WebSite","@id":"https:\/\/www.biogalenica.pt\/#website","url":"https:\/\/www.biogalenica.pt\/","name":"BioG\u00e1lenica","description":"","publisher":{"@id":"https:\/\/www.biogalenica.pt\/#organization"},"potentialAction":[{"@type":"SearchAction","target":{"@type":"EntryPoint","urlTemplate":"https:\/\/www.biogalenica.pt\/?s={search_term_string}"},"query-input":"required name=search_term_string"}],"inLanguage":"pt-PT"},{"@type":"Organization","@id":"https:\/\/www.biogalenica.pt\/#organization","name":"Biogal\u00e9nica","url":"https:\/\/www.biogalenica.pt\/","logo":{"@type":"ImageObject","inLanguage":"pt-PT","@id":"https:\/\/www.biogalenica.pt\/#\/schema\/logo\/image\/","url":"https:\/\/www.biogalenica.pt\/wp-content\/uploads\/2017\/04\/cropped-logo-big.png","contentUrl":"https:\/\/www.biogalenica.pt\/wp-content\/uploads\/2017\/04\/cropped-logo-big.png","width":160,"height":55,"caption":"Biogal\u00e9nica"},"image":{"@id":"https:\/\/www.biogalenica.pt\/#\/schema\/logo\/image\/"}}]}},"_links":{"self":[{"href":"https:\/\/www.biogalenica.pt\/index.php?rest_route=\/wp\/v2\/pages\/53"}],"collection":[{"href":"https:\/\/www.biogalenica.pt\/index.php?rest_route=\/wp\/v2\/pages"}],"about":[{"href":"https:\/\/www.biogalenica.pt\/index.php?rest_route=\/wp\/v2\/types\/page"}],"author":[{"embeddable":true,"href":"https:\/\/www.biogalenica.pt\/index.php?rest_route=\/wp\/v2\/users\/1"}],"replies":[{"embeddable":true,"href":"https:\/\/www.biogalenica.pt\/index.php?rest_route=%2Fwp%2Fv2%2Fcomments&post=53"}],"version-history":[{"count":3,"href":"https:\/\/www.biogalenica.pt\/index.php?rest_route=\/wp\/v2\/pages\/53\/revisions"}],"predecessor-version":[{"id":98,"href":"https:\/\/www.biogalenica.pt\/index.php?rest_route=\/wp\/v2\/pages\/53\/revisions\/98"}],"wp:featuredmedia":[{"embeddable":true,"href":"https:\/\/www.biogalenica.pt\/index.php?rest_route=\/wp\/v2\/media\/84"}],"wp:attachment":[{"href":"https:\/\/www.biogalenica.pt\/index.php?rest_route=%2Fwp%2Fv2%2Fmedia&parent=53"}],"curies":[{"name":"wp","href":"https:\/\/api.w.org\/{rel}","templated":true}]}}