{"id":49,"date":"2017-02-03T12:10:59","date_gmt":"2017-02-03T12:10:59","guid":{"rendered":"http:\/\/www.biogalenica.pt\/?page_id=49"},"modified":"2017-03-07T17:00:52","modified_gmt":"2017-03-07T17:00:52","slug":"apresentacao","status":"publish","type":"page","link":"https:\/\/www.biogalenica.pt\/?page_id=49","title":{"rendered":"Apresenta\u00e7\u00e3o"},"content":{"rendered":"<p>Fundado em 1992, o Grupo BioGal\u00e9nica actua em diferentes mercados. Os nossos clientes operam em diferentes \u00e1reas de neg\u00f3cio das quais destacamos: diet\u00e9tica, farm\u00e1cia, parafarm\u00e1cia, desportiva, cl\u00ednica, alimentar, entre outras.<\/p>\n<p>Actualmente o Grupo est\u00e1 sectorizado por ramos de actividade sendo que todo o Grupo est\u00e1 apto a responder \u00e0s necessidades do mercado em geral e dos clientes em particular. Procuramos criar as melhores solu\u00e7\u00f5es para os nossos clientes, respeitando os seus interesses, factores culturais e particularidades.<\/p>\n<p><strong>VALORES, MISS\u00c3O E O NOSSO COMPROMISSO<\/strong><\/p>\n<p>Trabalhamos diariamente para garantirmos a qualidade vs pre\u00e7o dos nossos produtos, proporcionando aos nossos clientes um eficiente e adequado acompanhamento t\u00e9cnico e marketing. Informamos todos os nossos clientes com rigor e transpar\u00eancia dos nossos produtos e servi\u00e7os dispon\u00edveis.<\/p>\n<p>Trabalhamos com dinamismo, simplicidade, agilidade, integridade e confian\u00e7a, procuramos ser pioneiros e futuristas nas nossas ofertas de forma a oferecer ao sector as melhores oportunidades de neg\u00f3cio. Trabalhamos directamente com os nossos clientes no desenvolvimento das melhores solu\u00e7\u00f5es para os seus neg\u00f3cios.<\/p>\n<p><strong>A NOSSA POSTURA<\/strong><\/p>\n<p>Respeitamos a natureza e promovemos o bem-estar atrav\u00e9s da sa\u00fade e da nutri\u00e7\u00e3o, privilegiamos as rela\u00e7\u00f5es humanas dentro da nossa equipa, com os nossos clientes e fornecedores.<\/p>\n<p>Crescemos de modo sustentado e de forma organizada.<\/p>\n<p><strong>OS NOSSOS PONTOS FORTES<\/strong><\/p>\n<p>Trabalhando com as melhores mat\u00e9rias-primas no desenvolvimento de um conceito inovador ao n\u00edvel de f\u00f3rmulas e embalamento na \u00e1rea nutrac\u00eautica.<\/p>\n<p>Somos din\u00e2micos, assertivos, futuristas e inovadores, pretendemos estar pr\u00f3ximo dos nossos clientes oferecendo produtos e servi\u00e7os de valor acrescentado e com uma marca diferencial.<\/p>\n","protected":false},"excerpt":{"rendered":"<p>Fundado em 1992, o Grupo BioGal\u00e9nica actua em diferentes mercados. Os nossos clientes operam em diferentes \u00e1reas de neg\u00f3cio das quais destacamos: diet\u00e9tica, farm\u00e1cia, parafarm\u00e1cia, desportiva, cl\u00ednica, alimentar, entre outras. Actualmente o Grupo est\u00e1 sectorizado por ramos de actividade sendo que todo o Grupo est\u00e1 apto a responder \u00e0s necessidades do mercado em geral e [&hellip;]<\/p>\n","protected":false},"author":1,"featured_media":83,"parent":0,"menu_order":0,"comment_status":"closed","ping_status":"closed","template":"","meta":{"footnotes":""},"yoast_head":"<!-- This site is optimized with the Yoast SEO plugin v20.1 - https:\/\/yoast.com\/wordpress\/plugins\/seo\/ -->\n<title>Apresenta\u00e7\u00e3o - BioG\u00e1lenica<\/title>\n<meta name=\"robots\" content=\"index, follow, max-snippet:-1, max-image-preview:large, max-video-preview:-1\" \/>\n<link rel=\"canonical\" href=\"https:\/\/www.biogalenica.pt\/?page_id=49\" \/>\n<meta property=\"og:locale\" content=\"pt_PT\" \/>\n<meta property=\"og:type\" content=\"article\" \/>\n<meta property=\"og:title\" content=\"Apresenta\u00e7\u00e3o - BioG\u00e1lenica\" \/>\n<meta property=\"og:description\" content=\"Fundado em 1992, o Grupo BioGal\u00e9nica actua em diferentes mercados. Os nossos clientes operam em diferentes \u00e1reas de neg\u00f3cio das quais destacamos: diet\u00e9tica, farm\u00e1cia, parafarm\u00e1cia, desportiva, cl\u00ednica, alimentar, entre outras. Actualmente o Grupo est\u00e1 sectorizado por ramos de actividade sendo que todo o Grupo est\u00e1 apto a responder \u00e0s necessidades do mercado em geral e [&hellip;]\" \/>\n<meta property=\"og:url\" content=\"https:\/\/www.biogalenica.pt\/?page_id=49\" \/>\n<meta property=\"og:site_name\" content=\"BioG\u00e1lenica\" \/>\n<meta property=\"article:modified_time\" content=\"2017-03-07T17:00:52+00:00\" \/>\n<meta property=\"og:image\" content=\"https:\/\/www.biogalenica.pt\/wp-content\/uploads\/2017\/02\/1-2.png\" \/>\n\t<meta property=\"og:image:width\" content=\"1420\" \/>\n\t<meta property=\"og:image:height\" content=\"400\" \/>\n\t<meta property=\"og:image:type\" content=\"image\/png\" \/>\n<meta name=\"twitter:card\" content=\"summary_large_image\" \/>\n<meta name=\"twitter:label1\" content=\"Tempo estimado de leitura\" \/>\n\t<meta name=\"twitter:data1\" content=\"1 minuto\" \/>\n<script type=\"application\/ld+json\" class=\"yoast-schema-graph\">{\"@context\":\"https:\/\/schema.org\",\"@graph\":[{\"@type\":\"WebPage\",\"@id\":\"https:\/\/www.biogalenica.pt\/?page_id=49\",\"url\":\"https:\/\/www.biogalenica.pt\/?page_id=49\",\"name\":\"Apresenta\u00e7\u00e3o - BioG\u00e1lenica\",\"isPartOf\":{\"@id\":\"https:\/\/www.biogalenica.pt\/#website\"},\"datePublished\":\"2017-02-03T12:10:59+00:00\",\"dateModified\":\"2017-03-07T17:00:52+00:00\",\"breadcrumb\":{\"@id\":\"https:\/\/www.biogalenica.pt\/?page_id=49#breadcrumb\"},\"inLanguage\":\"pt-PT\",\"potentialAction\":[{\"@type\":\"ReadAction\",\"target\":[\"https:\/\/www.biogalenica.pt\/?page_id=49\"]}]},{\"@type\":\"BreadcrumbList\",\"@id\":\"https:\/\/www.biogalenica.pt\/?page_id=49#breadcrumb\",\"itemListElement\":[{\"@type\":\"ListItem\",\"position\":1,\"name\":\"In\u00edcio\",\"item\":\"https:\/\/www.biogalenica.pt\/\"},{\"@type\":\"ListItem\",\"position\":2,\"name\":\"Apresenta\u00e7\u00e3o\"}]},{\"@type\":\"WebSite\",\"@id\":\"https:\/\/www.biogalenica.pt\/#website\",\"url\":\"https:\/\/www.biogalenica.pt\/\",\"name\":\"BioG\u00e1lenica\",\"description\":\"\",\"publisher\":{\"@id\":\"https:\/\/www.biogalenica.pt\/#organization\"},\"potentialAction\":[{\"@type\":\"SearchAction\",\"target\":{\"@type\":\"EntryPoint\",\"urlTemplate\":\"https:\/\/www.biogalenica.pt\/?s={search_term_string}\"},\"query-input\":\"required name=search_term_string\"}],\"inLanguage\":\"pt-PT\"},{\"@type\":\"Organization\",\"@id\":\"https:\/\/www.biogalenica.pt\/#organization\",\"name\":\"Biogal\u00e9nica\",\"url\":\"https:\/\/www.biogalenica.pt\/\",\"logo\":{\"@type\":\"ImageObject\",\"inLanguage\":\"pt-PT\",\"@id\":\"https:\/\/www.biogalenica.pt\/#\/schema\/logo\/image\/\",\"url\":\"https:\/\/www.biogalenica.pt\/wp-content\/uploads\/2017\/04\/cropped-logo-big.png\",\"contentUrl\":\"https:\/\/www.biogalenica.pt\/wp-content\/uploads\/2017\/04\/cropped-logo-big.png\",\"width\":160,\"height\":55,\"caption\":\"Biogal\u00e9nica\"},\"image\":{\"@id\":\"https:\/\/www.biogalenica.pt\/#\/schema\/logo\/image\/\"}}]}<\/script>\n<!-- \/ Yoast SEO plugin. -->","yoast_head_json":{"title":"Apresenta\u00e7\u00e3o - BioG\u00e1lenica","robots":{"index":"index","follow":"follow","max-snippet":"max-snippet:-1","max-image-preview":"max-image-preview:large","max-video-preview":"max-video-preview:-1"},"canonical":"https:\/\/www.biogalenica.pt\/?page_id=49","og_locale":"pt_PT","og_type":"article","og_title":"Apresenta\u00e7\u00e3o - BioG\u00e1lenica","og_description":"Fundado em 1992, o Grupo BioGal\u00e9nica actua em diferentes mercados. Os nossos clientes operam em diferentes \u00e1reas de neg\u00f3cio das quais destacamos: diet\u00e9tica, farm\u00e1cia, parafarm\u00e1cia, desportiva, cl\u00ednica, alimentar, entre outras. Actualmente o Grupo est\u00e1 sectorizado por ramos de actividade sendo que todo o Grupo est\u00e1 apto a responder \u00e0s necessidades do mercado em geral e [&hellip;]","og_url":"https:\/\/www.biogalenica.pt\/?page_id=49","og_site_name":"BioG\u00e1lenica","article_modified_time":"2017-03-07T17:00:52+00:00","og_image":[{"width":1420,"height":400,"url":"https:\/\/www.biogalenica.pt\/wp-content\/uploads\/2017\/02\/1-2.png","type":"image\/png"}],"twitter_card":"summary_large_image","twitter_misc":{"Tempo estimado de leitura":"1 minuto"},"schema":{"@context":"https:\/\/schema.org","@graph":[{"@type":"WebPage","@id":"https:\/\/www.biogalenica.pt\/?page_id=49","url":"https:\/\/www.biogalenica.pt\/?page_id=49","name":"Apresenta\u00e7\u00e3o - BioG\u00e1lenica","isPartOf":{"@id":"https:\/\/www.biogalenica.pt\/#website"},"datePublished":"2017-02-03T12:10:59+00:00","dateModified":"2017-03-07T17:00:52+00:00","breadcrumb":{"@id":"https:\/\/www.biogalenica.pt\/?page_id=49#breadcrumb"},"inLanguage":"pt-PT","potentialAction":[{"@type":"ReadAction","target":["https:\/\/www.biogalenica.pt\/?page_id=49"]}]},{"@type":"BreadcrumbList","@id":"https:\/\/www.biogalenica.pt\/?page_id=49#breadcrumb","itemListElement":[{"@type":"ListItem","position":1,"name":"In\u00edcio","item":"https:\/\/www.biogalenica.pt\/"},{"@type":"ListItem","position":2,"name":"Apresenta\u00e7\u00e3o"}]},{"@type":"WebSite","@id":"https:\/\/www.biogalenica.pt\/#website","url":"https:\/\/www.biogalenica.pt\/","name":"BioG\u00e1lenica","description":"","publisher":{"@id":"https:\/\/www.biogalenica.pt\/#organization"},"potentialAction":[{"@type":"SearchAction","target":{"@type":"EntryPoint","urlTemplate":"https:\/\/www.biogalenica.pt\/?s={search_term_string}"},"query-input":"required name=search_term_string"}],"inLanguage":"pt-PT"},{"@type":"Organization","@id":"https:\/\/www.biogalenica.pt\/#organization","name":"Biogal\u00e9nica","url":"https:\/\/www.biogalenica.pt\/","logo":{"@type":"ImageObject","inLanguage":"pt-PT","@id":"https:\/\/www.biogalenica.pt\/#\/schema\/logo\/image\/","url":"https:\/\/www.biogalenica.pt\/wp-content\/uploads\/2017\/04\/cropped-logo-big.png","contentUrl":"https:\/\/www.biogalenica.pt\/wp-content\/uploads\/2017\/04\/cropped-logo-big.png","width":160,"height":55,"caption":"Biogal\u00e9nica"},"image":{"@id":"https:\/\/www.biogalenica.pt\/#\/schema\/logo\/image\/"}}]}},"_links":{"self":[{"href":"https:\/\/www.biogalenica.pt\/index.php?rest_route=\/wp\/v2\/pages\/49"}],"collection":[{"href":"https:\/\/www.biogalenica.pt\/index.php?rest_route=\/wp\/v2\/pages"}],"about":[{"href":"https:\/\/www.biogalenica.pt\/index.php?rest_route=\/wp\/v2\/types\/page"}],"author":[{"embeddable":true,"href":"https:\/\/www.biogalenica.pt\/index.php?rest_route=\/wp\/v2\/users\/1"}],"replies":[{"embeddable":true,"href":"https:\/\/www.biogalenica.pt\/index.php?rest_route=%2Fwp%2Fv2%2Fcomments&post=49"}],"version-history":[{"count":3,"href":"https:\/\/www.biogalenica.pt\/index.php?rest_route=\/wp\/v2\/pages\/49\/revisions"}],"predecessor-version":[{"id":101,"href":"https:\/\/www.biogalenica.pt\/index.php?rest_route=\/wp\/v2\/pages\/49\/revisions\/101"}],"wp:featuredmedia":[{"embeddable":true,"href":"https:\/\/www.biogalenica.pt\/index.php?rest_route=\/wp\/v2\/media\/83"}],"wp:attachment":[{"href":"https:\/\/www.biogalenica.pt\/index.php?rest_route=%2Fwp%2Fv2%2Fmedia&parent=49"}],"curies":[{"name":"wp","href":"https:\/\/api.w.org\/{rel}","templated":true}]}}