{"id":137,"date":"2020-04-24T07:42:02","date_gmt":"2020-04-24T07:42:02","guid":{"rendered":"https:\/\/www.biogalenica.pt\/?page_id=137"},"modified":"2020-04-28T11:06:45","modified_gmt":"2020-04-28T11:06:45","slug":"blisters","status":"publish","type":"page","link":"https:\/\/www.biogalenica.pt\/?page_id=137","title":{"rendered":"Blisters"},"content":{"rendered":"\n<p>Fornecemos blisters para comprimidos, c\u00e1psulas e c\u00e1psulas moles.&nbsp;<\/p>\n\n\n\n<p>Grava\u00e7\u00e3o de clich\u00ea em v\u00e1rias cores.<\/p>\n","protected":false},"excerpt":{"rendered":"<p>Fornecemos blisters para comprimidos, c\u00e1psulas e c\u00e1psulas moles.&nbsp; Grava\u00e7\u00e3o de clich\u00ea em v\u00e1rias cores.<\/p>\n","protected":false},"author":1,"featured_media":172,"parent":0,"menu_order":0,"comment_status":"closed","ping_status":"closed","template":"","meta":{"footnotes":""},"yoast_head":"<!-- This site is optimized with the Yoast SEO plugin v20.1 - https:\/\/yoast.com\/wordpress\/plugins\/seo\/ -->\n<title>Blisters - BioG\u00e1lenica<\/title>\n<meta name=\"robots\" content=\"index, follow, max-snippet:-1, max-image-preview:large, max-video-preview:-1\" \/>\n<link rel=\"canonical\" href=\"https:\/\/www.biogalenica.pt\/?page_id=137\" \/>\n<meta property=\"og:locale\" content=\"pt_PT\" \/>\n<meta property=\"og:type\" content=\"article\" \/>\n<meta property=\"og:title\" content=\"Blisters - BioG\u00e1lenica\" \/>\n<meta property=\"og:description\" content=\"Fornecemos blisters para comprimidos, c\u00e1psulas e c\u00e1psulas moles.&nbsp; Grava\u00e7\u00e3o de clich\u00ea em v\u00e1rias cores.\" \/>\n<meta property=\"og:url\" content=\"https:\/\/www.biogalenica.pt\/?page_id=137\" \/>\n<meta property=\"og:site_name\" content=\"BioG\u00e1lenica\" \/>\n<meta property=\"article:modified_time\" content=\"2020-04-28T11:06:45+00:00\" \/>\n<meta property=\"og:image\" content=\"https:\/\/www.biogalenica.pt\/wp-content\/uploads\/2020\/04\/BLISTERS.jpg\" \/>\n\t<meta property=\"og:image:width\" content=\"1420\" \/>\n\t<meta property=\"og:image:height\" content=\"400\" \/>\n\t<meta property=\"og:image:type\" content=\"image\/jpeg\" \/>\n<meta name=\"twitter:card\" content=\"summary_large_image\" \/>\n<script type=\"application\/ld+json\" class=\"yoast-schema-graph\">{\"@context\":\"https:\/\/schema.org\",\"@graph\":[{\"@type\":\"WebPage\",\"@id\":\"https:\/\/www.biogalenica.pt\/?page_id=137\",\"url\":\"https:\/\/www.biogalenica.pt\/?page_id=137\",\"name\":\"Blisters - BioG\u00e1lenica\",\"isPartOf\":{\"@id\":\"https:\/\/www.biogalenica.pt\/#website\"},\"datePublished\":\"2020-04-24T07:42:02+00:00\",\"dateModified\":\"2020-04-28T11:06:45+00:00\",\"breadcrumb\":{\"@id\":\"https:\/\/www.biogalenica.pt\/?page_id=137#breadcrumb\"},\"inLanguage\":\"pt-PT\",\"potentialAction\":[{\"@type\":\"ReadAction\",\"target\":[\"https:\/\/www.biogalenica.pt\/?page_id=137\"]}]},{\"@type\":\"BreadcrumbList\",\"@id\":\"https:\/\/www.biogalenica.pt\/?page_id=137#breadcrumb\",\"itemListElement\":[{\"@type\":\"ListItem\",\"position\":1,\"name\":\"In\u00edcio\",\"item\":\"https:\/\/www.biogalenica.pt\/\"},{\"@type\":\"ListItem\",\"position\":2,\"name\":\"Blisters\"}]},{\"@type\":\"WebSite\",\"@id\":\"https:\/\/www.biogalenica.pt\/#website\",\"url\":\"https:\/\/www.biogalenica.pt\/\",\"name\":\"BioG\u00e1lenica\",\"description\":\"\",\"publisher\":{\"@id\":\"https:\/\/www.biogalenica.pt\/#organization\"},\"potentialAction\":[{\"@type\":\"SearchAction\",\"target\":{\"@type\":\"EntryPoint\",\"urlTemplate\":\"https:\/\/www.biogalenica.pt\/?s={search_term_string}\"},\"query-input\":\"required name=search_term_string\"}],\"inLanguage\":\"pt-PT\"},{\"@type\":\"Organization\",\"@id\":\"https:\/\/www.biogalenica.pt\/#organization\",\"name\":\"Biogal\u00e9nica\",\"url\":\"https:\/\/www.biogalenica.pt\/\",\"logo\":{\"@type\":\"ImageObject\",\"inLanguage\":\"pt-PT\",\"@id\":\"https:\/\/www.biogalenica.pt\/#\/schema\/logo\/image\/\",\"url\":\"https:\/\/www.biogalenica.pt\/wp-content\/uploads\/2017\/04\/cropped-logo-big.png\",\"contentUrl\":\"https:\/\/www.biogalenica.pt\/wp-content\/uploads\/2017\/04\/cropped-logo-big.png\",\"width\":160,\"height\":55,\"caption\":\"Biogal\u00e9nica\"},\"image\":{\"@id\":\"https:\/\/www.biogalenica.pt\/#\/schema\/logo\/image\/\"}}]}<\/script>\n<!-- \/ Yoast SEO plugin. -->","yoast_head_json":{"title":"Blisters - BioG\u00e1lenica","robots":{"index":"index","follow":"follow","max-snippet":"max-snippet:-1","max-image-preview":"max-image-preview:large","max-video-preview":"max-video-preview:-1"},"canonical":"https:\/\/www.biogalenica.pt\/?page_id=137","og_locale":"pt_PT","og_type":"article","og_title":"Blisters - BioG\u00e1lenica","og_description":"Fornecemos blisters para comprimidos, c\u00e1psulas e c\u00e1psulas moles.&nbsp; Grava\u00e7\u00e3o de clich\u00ea em v\u00e1rias cores.","og_url":"https:\/\/www.biogalenica.pt\/?page_id=137","og_site_name":"BioG\u00e1lenica","article_modified_time":"2020-04-28T11:06:45+00:00","og_image":[{"width":1420,"height":400,"url":"https:\/\/www.biogalenica.pt\/wp-content\/uploads\/2020\/04\/BLISTERS.jpg","type":"image\/jpeg"}],"twitter_card":"summary_large_image","schema":{"@context":"https:\/\/schema.org","@graph":[{"@type":"WebPage","@id":"https:\/\/www.biogalenica.pt\/?page_id=137","url":"https:\/\/www.biogalenica.pt\/?page_id=137","name":"Blisters - BioG\u00e1lenica","isPartOf":{"@id":"https:\/\/www.biogalenica.pt\/#website"},"datePublished":"2020-04-24T07:42:02+00:00","dateModified":"2020-04-28T11:06:45+00:00","breadcrumb":{"@id":"https:\/\/www.biogalenica.pt\/?page_id=137#breadcrumb"},"inLanguage":"pt-PT","potentialAction":[{"@type":"ReadAction","target":["https:\/\/www.biogalenica.pt\/?page_id=137"]}]},{"@type":"BreadcrumbList","@id":"https:\/\/www.biogalenica.pt\/?page_id=137#breadcrumb","itemListElement":[{"@type":"ListItem","position":1,"name":"In\u00edcio","item":"https:\/\/www.biogalenica.pt\/"},{"@type":"ListItem","position":2,"name":"Blisters"}]},{"@type":"WebSite","@id":"https:\/\/www.biogalenica.pt\/#website","url":"https:\/\/www.biogalenica.pt\/","name":"BioG\u00e1lenica","description":"","publisher":{"@id":"https:\/\/www.biogalenica.pt\/#organization"},"potentialAction":[{"@type":"SearchAction","target":{"@type":"EntryPoint","urlTemplate":"https:\/\/www.biogalenica.pt\/?s={search_term_string}"},"query-input":"required name=search_term_string"}],"inLanguage":"pt-PT"},{"@type":"Organization","@id":"https:\/\/www.biogalenica.pt\/#organization","name":"Biogal\u00e9nica","url":"https:\/\/www.biogalenica.pt\/","logo":{"@type":"ImageObject","inLanguage":"pt-PT","@id":"https:\/\/www.biogalenica.pt\/#\/schema\/logo\/image\/","url":"https:\/\/www.biogalenica.pt\/wp-content\/uploads\/2017\/04\/cropped-logo-big.png","contentUrl":"https:\/\/www.biogalenica.pt\/wp-content\/uploads\/2017\/04\/cropped-logo-big.png","width":160,"height":55,"caption":"Biogal\u00e9nica"},"image":{"@id":"https:\/\/www.biogalenica.pt\/#\/schema\/logo\/image\/"}}]}},"_links":{"self":[{"href":"https:\/\/www.biogalenica.pt\/index.php?rest_route=\/wp\/v2\/pages\/137"}],"collection":[{"href":"https:\/\/www.biogalenica.pt\/index.php?rest_route=\/wp\/v2\/pages"}],"about":[{"href":"https:\/\/www.biogalenica.pt\/index.php?rest_route=\/wp\/v2\/types\/page"}],"author":[{"embeddable":true,"href":"https:\/\/www.biogalenica.pt\/index.php?rest_route=\/wp\/v2\/users\/1"}],"replies":[{"embeddable":true,"href":"https:\/\/www.biogalenica.pt\/index.php?rest_route=%2Fwp%2Fv2%2Fcomments&post=137"}],"version-history":[{"count":4,"href":"https:\/\/www.biogalenica.pt\/index.php?rest_route=\/wp\/v2\/pages\/137\/revisions"}],"predecessor-version":[{"id":173,"href":"https:\/\/www.biogalenica.pt\/index.php?rest_route=\/wp\/v2\/pages\/137\/revisions\/173"}],"wp:featuredmedia":[{"embeddable":true,"href":"https:\/\/www.biogalenica.pt\/index.php?rest_route=\/wp\/v2\/media\/172"}],"wp:attachment":[{"href":"https:\/\/www.biogalenica.pt\/index.php?rest_route=%2Fwp%2Fv2%2Fmedia&parent=137"}],"curies":[{"name":"wp","href":"https:\/\/api.w.org\/{rel}","templated":true}]}}