{"id":123,"date":"2020-04-24T07:38:03","date_gmt":"2020-04-24T07:38:03","guid":{"rendered":"https:\/\/www.biogalenica.pt\/?page_id=123"},"modified":"2020-04-27T11:40:17","modified_gmt":"2020-04-27T11:40:17","slug":"comprimidos-oem","status":"publish","type":"page","link":"https:\/\/www.biogalenica.pt\/?page_id=123","title":{"rendered":"Comprimidos OEM"},"content":{"rendered":"\n<p>Compress\u00e3o e revestimento de comprimidos.<\/p>\n\n\n\n<p>Peso entre 200mg a 2000mg.<\/p>\n\n\n\n<p>Forma redonda, oval, ou personalizada.<\/p>\n\n\n\n<p>Capacidade di\u00e1ria de produ\u00e7\u00e3o de 1000 000 comprimidos.<\/p>\n","protected":false},"excerpt":{"rendered":"<p>Compress\u00e3o e revestimento de comprimidos. Peso entre 200mg a 2000mg. Forma redonda, oval, ou personalizada. Capacidade di\u00e1ria de produ\u00e7\u00e3o de 1000 000 comprimidos.<\/p>\n","protected":false},"author":1,"featured_media":156,"parent":0,"menu_order":0,"comment_status":"closed","ping_status":"closed","template":"","meta":{"footnotes":""},"yoast_head":"<!-- This site is optimized with the Yoast SEO plugin v20.1 - https:\/\/yoast.com\/wordpress\/plugins\/seo\/ -->\n<title>Comprimidos OEM - BioG\u00e1lenica<\/title>\n<meta name=\"robots\" content=\"index, follow, max-snippet:-1, max-image-preview:large, max-video-preview:-1\" \/>\n<link rel=\"canonical\" href=\"https:\/\/www.biogalenica.pt\/?page_id=123\" \/>\n<meta property=\"og:locale\" content=\"pt_PT\" \/>\n<meta property=\"og:type\" content=\"article\" \/>\n<meta property=\"og:title\" content=\"Comprimidos OEM - BioG\u00e1lenica\" \/>\n<meta property=\"og:description\" content=\"Compress\u00e3o e revestimento de comprimidos. Peso entre 200mg a 2000mg. Forma redonda, oval, ou personalizada. Capacidade di\u00e1ria de produ\u00e7\u00e3o de 1000 000 comprimidos.\" \/>\n<meta property=\"og:url\" content=\"https:\/\/www.biogalenica.pt\/?page_id=123\" \/>\n<meta property=\"og:site_name\" content=\"BioG\u00e1lenica\" \/>\n<meta property=\"article:modified_time\" content=\"2020-04-27T11:40:17+00:00\" \/>\n<meta property=\"og:image\" content=\"https:\/\/www.biogalenica.pt\/wp-content\/uploads\/2020\/04\/PILS.jpg\" \/>\n\t<meta property=\"og:image:width\" content=\"1420\" \/>\n\t<meta property=\"og:image:height\" content=\"400\" \/>\n\t<meta property=\"og:image:type\" content=\"image\/jpeg\" \/>\n<meta name=\"twitter:card\" content=\"summary_large_image\" \/>\n<script type=\"application\/ld+json\" class=\"yoast-schema-graph\">{\"@context\":\"https:\/\/schema.org\",\"@graph\":[{\"@type\":\"WebPage\",\"@id\":\"https:\/\/www.biogalenica.pt\/?page_id=123\",\"url\":\"https:\/\/www.biogalenica.pt\/?page_id=123\",\"name\":\"Comprimidos OEM - BioG\u00e1lenica\",\"isPartOf\":{\"@id\":\"https:\/\/www.biogalenica.pt\/#website\"},\"datePublished\":\"2020-04-24T07:38:03+00:00\",\"dateModified\":\"2020-04-27T11:40:17+00:00\",\"breadcrumb\":{\"@id\":\"https:\/\/www.biogalenica.pt\/?page_id=123#breadcrumb\"},\"inLanguage\":\"pt-PT\",\"potentialAction\":[{\"@type\":\"ReadAction\",\"target\":[\"https:\/\/www.biogalenica.pt\/?page_id=123\"]}]},{\"@type\":\"BreadcrumbList\",\"@id\":\"https:\/\/www.biogalenica.pt\/?page_id=123#breadcrumb\",\"itemListElement\":[{\"@type\":\"ListItem\",\"position\":1,\"name\":\"In\u00edcio\",\"item\":\"https:\/\/www.biogalenica.pt\/\"},{\"@type\":\"ListItem\",\"position\":2,\"name\":\"Comprimidos OEM\"}]},{\"@type\":\"WebSite\",\"@id\":\"https:\/\/www.biogalenica.pt\/#website\",\"url\":\"https:\/\/www.biogalenica.pt\/\",\"name\":\"BioG\u00e1lenica\",\"description\":\"\",\"publisher\":{\"@id\":\"https:\/\/www.biogalenica.pt\/#organization\"},\"potentialAction\":[{\"@type\":\"SearchAction\",\"target\":{\"@type\":\"EntryPoint\",\"urlTemplate\":\"https:\/\/www.biogalenica.pt\/?s={search_term_string}\"},\"query-input\":\"required name=search_term_string\"}],\"inLanguage\":\"pt-PT\"},{\"@type\":\"Organization\",\"@id\":\"https:\/\/www.biogalenica.pt\/#organization\",\"name\":\"Biogal\u00e9nica\",\"url\":\"https:\/\/www.biogalenica.pt\/\",\"logo\":{\"@type\":\"ImageObject\",\"inLanguage\":\"pt-PT\",\"@id\":\"https:\/\/www.biogalenica.pt\/#\/schema\/logo\/image\/\",\"url\":\"https:\/\/www.biogalenica.pt\/wp-content\/uploads\/2017\/04\/cropped-logo-big.png\",\"contentUrl\":\"https:\/\/www.biogalenica.pt\/wp-content\/uploads\/2017\/04\/cropped-logo-big.png\",\"width\":160,\"height\":55,\"caption\":\"Biogal\u00e9nica\"},\"image\":{\"@id\":\"https:\/\/www.biogalenica.pt\/#\/schema\/logo\/image\/\"}}]}<\/script>\n<!-- \/ Yoast SEO plugin. -->","yoast_head_json":{"title":"Comprimidos OEM - BioG\u00e1lenica","robots":{"index":"index","follow":"follow","max-snippet":"max-snippet:-1","max-image-preview":"max-image-preview:large","max-video-preview":"max-video-preview:-1"},"canonical":"https:\/\/www.biogalenica.pt\/?page_id=123","og_locale":"pt_PT","og_type":"article","og_title":"Comprimidos OEM - BioG\u00e1lenica","og_description":"Compress\u00e3o e revestimento de comprimidos. Peso entre 200mg a 2000mg. Forma redonda, oval, ou personalizada. Capacidade di\u00e1ria de produ\u00e7\u00e3o de 1000 000 comprimidos.","og_url":"https:\/\/www.biogalenica.pt\/?page_id=123","og_site_name":"BioG\u00e1lenica","article_modified_time":"2020-04-27T11:40:17+00:00","og_image":[{"width":1420,"height":400,"url":"https:\/\/www.biogalenica.pt\/wp-content\/uploads\/2020\/04\/PILS.jpg","type":"image\/jpeg"}],"twitter_card":"summary_large_image","schema":{"@context":"https:\/\/schema.org","@graph":[{"@type":"WebPage","@id":"https:\/\/www.biogalenica.pt\/?page_id=123","url":"https:\/\/www.biogalenica.pt\/?page_id=123","name":"Comprimidos OEM - BioG\u00e1lenica","isPartOf":{"@id":"https:\/\/www.biogalenica.pt\/#website"},"datePublished":"2020-04-24T07:38:03+00:00","dateModified":"2020-04-27T11:40:17+00:00","breadcrumb":{"@id":"https:\/\/www.biogalenica.pt\/?page_id=123#breadcrumb"},"inLanguage":"pt-PT","potentialAction":[{"@type":"ReadAction","target":["https:\/\/www.biogalenica.pt\/?page_id=123"]}]},{"@type":"BreadcrumbList","@id":"https:\/\/www.biogalenica.pt\/?page_id=123#breadcrumb","itemListElement":[{"@type":"ListItem","position":1,"name":"In\u00edcio","item":"https:\/\/www.biogalenica.pt\/"},{"@type":"ListItem","position":2,"name":"Comprimidos OEM"}]},{"@type":"WebSite","@id":"https:\/\/www.biogalenica.pt\/#website","url":"https:\/\/www.biogalenica.pt\/","name":"BioG\u00e1lenica","description":"","publisher":{"@id":"https:\/\/www.biogalenica.pt\/#organization"},"potentialAction":[{"@type":"SearchAction","target":{"@type":"EntryPoint","urlTemplate":"https:\/\/www.biogalenica.pt\/?s={search_term_string}"},"query-input":"required name=search_term_string"}],"inLanguage":"pt-PT"},{"@type":"Organization","@id":"https:\/\/www.biogalenica.pt\/#organization","name":"Biogal\u00e9nica","url":"https:\/\/www.biogalenica.pt\/","logo":{"@type":"ImageObject","inLanguage":"pt-PT","@id":"https:\/\/www.biogalenica.pt\/#\/schema\/logo\/image\/","url":"https:\/\/www.biogalenica.pt\/wp-content\/uploads\/2017\/04\/cropped-logo-big.png","contentUrl":"https:\/\/www.biogalenica.pt\/wp-content\/uploads\/2017\/04\/cropped-logo-big.png","width":160,"height":55,"caption":"Biogal\u00e9nica"},"image":{"@id":"https:\/\/www.biogalenica.pt\/#\/schema\/logo\/image\/"}}]}},"_links":{"self":[{"href":"https:\/\/www.biogalenica.pt\/index.php?rest_route=\/wp\/v2\/pages\/123"}],"collection":[{"href":"https:\/\/www.biogalenica.pt\/index.php?rest_route=\/wp\/v2\/pages"}],"about":[{"href":"https:\/\/www.biogalenica.pt\/index.php?rest_route=\/wp\/v2\/types\/page"}],"author":[{"embeddable":true,"href":"https:\/\/www.biogalenica.pt\/index.php?rest_route=\/wp\/v2\/users\/1"}],"replies":[{"embeddable":true,"href":"https:\/\/www.biogalenica.pt\/index.php?rest_route=%2Fwp%2Fv2%2Fcomments&post=123"}],"version-history":[{"count":2,"href":"https:\/\/www.biogalenica.pt\/index.php?rest_route=\/wp\/v2\/pages\/123\/revisions"}],"predecessor-version":[{"id":158,"href":"https:\/\/www.biogalenica.pt\/index.php?rest_route=\/wp\/v2\/pages\/123\/revisions\/158"}],"wp:featuredmedia":[{"embeddable":true,"href":"https:\/\/www.biogalenica.pt\/index.php?rest_route=\/wp\/v2\/media\/156"}],"wp:attachment":[{"href":"https:\/\/www.biogalenica.pt\/index.php?rest_route=%2Fwp%2Fv2%2Fmedia&parent=123"}],"curies":[{"name":"wp","href":"https:\/\/api.w.org\/{rel}","templated":true}]}}